{"id":1463,"date":"2013-10-21T11:53:43","date_gmt":"2013-10-21T10:53:43","guid":{"rendered":"https:\/\/www.lespastourels.com\/livre-dor\/"},"modified":"2022-10-19T18:50:58","modified_gmt":"2022-10-19T16:50:58","slug":"gastenboek-kampeerplaats-pastourels","status":"publish","type":"page","link":"https:\/\/www.lespastourels.com\/nl\/gastenboek-kampeerplaats-pastourels\/","title":{"rendered":"Bericht en gastenboek"},"content":{"rendered":"<p>N&#8217;h\u00e9sitez pas \u00e0 nous donner vos impressions sur le camping.<\/p>\n<p><a title=\"Formulaire commentaire\" href=\"#respond\">D\u00e9poser un commentaire \u2193<\/a><\/p>\n<p><em>Nota : les commentaires ne sont affich\u00e9s qu&#8217;apr\u00e8s validation.<\/em><br \/>\n<em>L&#8217;email et le Nom de famille n&#8217;apparaissent pas sur le site.<\/em><\/p>\n<p>&nbsp;<\/p>\n","protected":false},"excerpt":{"rendered":"<p>N&#8217;h\u00e9sitez pas \u00e0 nous donner vos impressions sur le camping. D\u00e9poser un commentaire \u2193 Nota : les commentaires ne sont [&hellip;]<\/p>\n","protected":false},"author":3,"featured_media":0,"parent":0,"menu_order":0,"comment_status":"open","ping_status":"closed","template":"page-livre-dor.php","meta":{"_acf_changed":false,"footnotes":""},"class_list":["post-1463","page","type-page","status-publish","hentry"],"acf":[],"yoast_head":"<!-- This site is optimized with the Yoast SEO plugin v27.3 - https:\/\/yoast.com\/product\/yoast-seo-wordpress\/ -->\n<title>Bericht en gastenboek - Domaine Les Pastourels<\/title>\n<meta name=\"description\" content=\"Klantenbeoordelingen van camping Les Pastourels in Dordogne P\u00e9rigord Noir\" \/>\n<meta name=\"robots\" content=\"index, follow, max-snippet:-1, max-image-preview:large, max-video-preview:-1\" \/>\n<link rel=\"canonical\" href=\"https:\/\/www.lespastourels.com\/nl\/gastenboek-kampeerplaats-pastourels\/\" \/>\n<meta property=\"og:locale\" content=\"nl_NL\" \/>\n<meta property=\"og:type\" content=\"article\" \/>\n<meta property=\"og:title\" content=\"Bericht en gastenboek - Domaine Les Pastourels\" \/>\n<meta property=\"og:description\" content=\"Klantenbeoordelingen van camping Les Pastourels in Dordogne P\u00e9rigord Noir\" \/>\n<meta property=\"og:url\" content=\"https:\/\/www.lespastourels.com\/nl\/gastenboek-kampeerplaats-pastourels\/\" \/>\n<meta property=\"og:site_name\" content=\"Domaine Les Pastourels\" \/>\n<meta property=\"article:modified_time\" content=\"2022-10-19T16:50:58+00:00\" \/>\n<meta name=\"twitter:card\" content=\"summary_large_image\" \/>\n<script type=\"application\/ld+json\" class=\"yoast-schema-graph\">{\"@context\":\"https:\\\/\\\/schema.org\",\"@graph\":[{\"@type\":\"WebPage\",\"@id\":\"https:\\\/\\\/www.lespastourels.com\\\/nl\\\/gastenboek-kampeerplaats-pastourels\\\/\",\"url\":\"https:\\\/\\\/www.lespastourels.com\\\/nl\\\/gastenboek-kampeerplaats-pastourels\\\/\",\"name\":\"Bericht en gastenboek - Domaine Les Pastourels\",\"isPartOf\":{\"@id\":\"https:\\\/\\\/www.lespastourels.com\\\/nl\\\/#website\"},\"datePublished\":\"2013-10-21T10:53:43+00:00\",\"dateModified\":\"2022-10-19T16:50:58+00:00\",\"description\":\"Klantenbeoordelingen van camping Les Pastourels in Dordogne P\u00e9rigord Noir\",\"inLanguage\":\"nl-NL\",\"potentialAction\":[{\"@type\":\"ReadAction\",\"target\":[\"https:\\\/\\\/www.lespastourels.com\\\/nl\\\/gastenboek-kampeerplaats-pastourels\\\/\"]}]},{\"@type\":\"WebSite\",\"@id\":\"https:\\\/\\\/www.lespastourels.com\\\/nl\\\/#website\",\"url\":\"https:\\\/\\\/www.lespastourels.com\\\/nl\\\/\",\"name\":\"Domaine Les Pastourels\",\"description\":\"Camping en P\u00e9rigord Noir\",\"publisher\":{\"@id\":\"https:\\\/\\\/www.lespastourels.com\\\/nl\\\/#organization\"},\"potentialAction\":[{\"@type\":\"SearchAction\",\"target\":{\"@type\":\"EntryPoint\",\"urlTemplate\":\"https:\\\/\\\/www.lespastourels.com\\\/nl\\\/?s={search_term_string}\"},\"query-input\":{\"@type\":\"PropertyValueSpecification\",\"valueRequired\":true,\"valueName\":\"search_term_string\"}}],\"inLanguage\":\"nl-NL\"},{\"@type\":\"Organization\",\"@id\":\"https:\\\/\\\/www.lespastourels.com\\\/nl\\\/#organization\",\"name\":\"Les Pastourels\",\"url\":\"https:\\\/\\\/www.lespastourels.com\\\/nl\\\/\",\"logo\":{\"@type\":\"ImageObject\",\"inLanguage\":\"nl-NL\",\"@id\":\"https:\\\/\\\/www.lespastourels.com\\\/nl\\\/#\\\/schema\\\/logo\\\/image\\\/\",\"url\":\"https:\\\/\\\/www.lespastourels.com\\\/wp-content\\\/uploads\\\/2021\\\/05\\\/logo.png\",\"contentUrl\":\"https:\\\/\\\/www.lespastourels.com\\\/wp-content\\\/uploads\\\/2021\\\/05\\\/logo.png\",\"width\":244,\"height\":196,\"caption\":\"Les Pastourels\"},\"image\":{\"@id\":\"https:\\\/\\\/www.lespastourels.com\\\/nl\\\/#\\\/schema\\\/logo\\\/image\\\/\"}}]}<\/script>\n<!-- \/ Yoast SEO plugin. -->","yoast_head_json":{"title":"Bericht en gastenboek - Domaine Les Pastourels","description":"Klantenbeoordelingen van camping Les Pastourels in Dordogne P\u00e9rigord Noir","robots":{"index":"index","follow":"follow","max-snippet":"max-snippet:-1","max-image-preview":"max-image-preview:large","max-video-preview":"max-video-preview:-1"},"canonical":"https:\/\/www.lespastourels.com\/nl\/gastenboek-kampeerplaats-pastourels\/","og_locale":"nl_NL","og_type":"article","og_title":"Bericht en gastenboek - Domaine Les Pastourels","og_description":"Klantenbeoordelingen van camping Les Pastourels in Dordogne P\u00e9rigord Noir","og_url":"https:\/\/www.lespastourels.com\/nl\/gastenboek-kampeerplaats-pastourels\/","og_site_name":"Domaine Les Pastourels","article_modified_time":"2022-10-19T16:50:58+00:00","twitter_card":"summary_large_image","schema":{"@context":"https:\/\/schema.org","@graph":[{"@type":"WebPage","@id":"https:\/\/www.lespastourels.com\/nl\/gastenboek-kampeerplaats-pastourels\/","url":"https:\/\/www.lespastourels.com\/nl\/gastenboek-kampeerplaats-pastourels\/","name":"Bericht en gastenboek - Domaine Les Pastourels","isPartOf":{"@id":"https:\/\/www.lespastourels.com\/nl\/#website"},"datePublished":"2013-10-21T10:53:43+00:00","dateModified":"2022-10-19T16:50:58+00:00","description":"Klantenbeoordelingen van camping Les Pastourels in Dordogne P\u00e9rigord Noir","inLanguage":"nl-NL","potentialAction":[{"@type":"ReadAction","target":["https:\/\/www.lespastourels.com\/nl\/gastenboek-kampeerplaats-pastourels\/"]}]},{"@type":"WebSite","@id":"https:\/\/www.lespastourels.com\/nl\/#website","url":"https:\/\/www.lespastourels.com\/nl\/","name":"Domaine Les Pastourels","description":"Camping en P\u00e9rigord Noir","publisher":{"@id":"https:\/\/www.lespastourels.com\/nl\/#organization"},"potentialAction":[{"@type":"SearchAction","target":{"@type":"EntryPoint","urlTemplate":"https:\/\/www.lespastourels.com\/nl\/?s={search_term_string}"},"query-input":{"@type":"PropertyValueSpecification","valueRequired":true,"valueName":"search_term_string"}}],"inLanguage":"nl-NL"},{"@type":"Organization","@id":"https:\/\/www.lespastourels.com\/nl\/#organization","name":"Les Pastourels","url":"https:\/\/www.lespastourels.com\/nl\/","logo":{"@type":"ImageObject","inLanguage":"nl-NL","@id":"https:\/\/www.lespastourels.com\/nl\/#\/schema\/logo\/image\/","url":"https:\/\/www.lespastourels.com\/wp-content\/uploads\/2021\/05\/logo.png","contentUrl":"https:\/\/www.lespastourels.com\/wp-content\/uploads\/2021\/05\/logo.png","width":244,"height":196,"caption":"Les Pastourels"},"image":{"@id":"https:\/\/www.lespastourels.com\/nl\/#\/schema\/logo\/image\/"}}]}},"_links":{"self":[{"href":"https:\/\/www.lespastourels.com\/nl\/wp-json\/wp\/v2\/pages\/1463","targetHints":{"allow":["GET"]}}],"collection":[{"href":"https:\/\/www.lespastourels.com\/nl\/wp-json\/wp\/v2\/pages"}],"about":[{"href":"https:\/\/www.lespastourels.com\/nl\/wp-json\/wp\/v2\/types\/page"}],"author":[{"embeddable":true,"href":"https:\/\/www.lespastourels.com\/nl\/wp-json\/wp\/v2\/users\/3"}],"replies":[{"embeddable":true,"href":"https:\/\/www.lespastourels.com\/nl\/wp-json\/wp\/v2\/comments?post=1463"}],"version-history":[{"count":0,"href":"https:\/\/www.lespastourels.com\/nl\/wp-json\/wp\/v2\/pages\/1463\/revisions"}],"wp:attachment":[{"href":"https:\/\/www.lespastourels.com\/nl\/wp-json\/wp\/v2\/media?parent=1463"}],"curies":[{"name":"wp","href":"https:\/\/api.w.org\/{rel}","templated":true}]}}