{"id":1599,"date":"2026-02-15T13:24:58","date_gmt":"2026-02-15T12:24:58","guid":{"rendered":"https:\/\/www.lespastourels.com\/natura\/"},"modified":"2026-03-16T16:40:38","modified_gmt":"2026-03-16T15:40:38","slug":"natura-houten-tent-chateau-des-milandes","status":"publish","type":"page","link":"https:\/\/www.lespastourels.com\/nl\/verhuur-op-domaine-les-pastourels\/natura-houten-tent-chateau-des-milandes\/","title":{"rendered":"Natura-houten tent met uitzicht op het Ch\u00e2teau des Milandes"},"content":{"rendered":"","protected":false},"excerpt":{"rendered":"","protected":false},"author":3,"featured_media":657,"parent":1653,"menu_order":0,"comment_status":"closed","ping_status":"closed","template":"page-fiche-location.php","meta":{"_acf_changed":false,"footnotes":""},"class_list":["post-1599","page","type-page","status-publish","has-post-thumbnail","hentry"],"acf":[],"yoast_head":"<!-- This site is optimized with the Yoast SEO plugin v27.3 - https:\/\/yoast.com\/product\/yoast-seo-wordpress\/ -->\n<title>Natura-houten tent met uitzicht op het Ch\u00e2teau des Milandes - Domaine Les Pastourels<\/title>\n<meta name=\"description\" content=\"Verblijf in een Natura-houten tent met uitzicht op het Ch\u00e2teau des Milandes. Bijzondere accommodatie in de P\u00e9rigord Noir, midden in de natuur vlakbij de vallei van de Dordogne.\" \/>\n<meta name=\"robots\" content=\"index, follow, max-snippet:-1, max-image-preview:large, max-video-preview:-1\" \/>\n<link rel=\"canonical\" href=\"https:\/\/www.lespastourels.com\/nl\/verhuur-op-domaine-les-pastourels\/natura-houten-tent-chateau-des-milandes\/\" \/>\n<meta property=\"og:locale\" content=\"nl_NL\" \/>\n<meta property=\"og:type\" content=\"article\" \/>\n<meta property=\"og:title\" content=\"Natura-houten tent met uitzicht op het Ch\u00e2teau des Milandes - Domaine Les Pastourels\" \/>\n<meta property=\"og:description\" content=\"Verblijf in een Natura-houten tent met uitzicht op het Ch\u00e2teau des Milandes. Bijzondere accommodatie in de P\u00e9rigord Noir, midden in de natuur vlakbij de vallei van de Dordogne.\" \/>\n<meta property=\"og:url\" content=\"https:\/\/www.lespastourels.com\/nl\/verhuur-op-domaine-les-pastourels\/natura-houten-tent-chateau-des-milandes\/\" \/>\n<meta property=\"og:site_name\" content=\"Domaine Les Pastourels\" \/>\n<meta property=\"article:modified_time\" content=\"2026-03-16T15:40:38+00:00\" \/>\n<meta property=\"og:image\" content=\"https:\/\/www.lespastourels.com\/wp-content\/uploads\/2021\/04\/natura.jpg\" \/>\n\t<meta property=\"og:image:width\" content=\"1024\" \/>\n\t<meta property=\"og:image:height\" content=\"685\" \/>\n\t<meta property=\"og:image:type\" content=\"image\/jpeg\" \/>\n<meta name=\"twitter:card\" content=\"summary_large_image\" \/>\n<script type=\"application\/ld+json\" class=\"yoast-schema-graph\">{\"@context\":\"https:\\\/\\\/schema.org\",\"@graph\":[{\"@type\":\"WebPage\",\"@id\":\"https:\\\/\\\/www.lespastourels.com\\\/nl\\\/verhuur-op-domaine-les-pastourels\\\/natura-houten-tent-chateau-des-milandes\\\/\",\"url\":\"https:\\\/\\\/www.lespastourels.com\\\/nl\\\/verhuur-op-domaine-les-pastourels\\\/natura-houten-tent-chateau-des-milandes\\\/\",\"name\":\"Natura-houten tent met uitzicht op het Ch\u00e2teau des Milandes - Domaine Les Pastourels\",\"isPartOf\":{\"@id\":\"https:\\\/\\\/www.lespastourels.com\\\/nl\\\/#website\"},\"primaryImageOfPage\":{\"@id\":\"https:\\\/\\\/www.lespastourels.com\\\/nl\\\/verhuur-op-domaine-les-pastourels\\\/natura-houten-tent-chateau-des-milandes\\\/#primaryimage\"},\"image\":{\"@id\":\"https:\\\/\\\/www.lespastourels.com\\\/nl\\\/verhuur-op-domaine-les-pastourels\\\/natura-houten-tent-chateau-des-milandes\\\/#primaryimage\"},\"thumbnailUrl\":\"https:\\\/\\\/www.lespastourels.com\\\/wp-content\\\/uploads\\\/2021\\\/04\\\/natura.jpg\",\"datePublished\":\"2026-02-15T12:24:58+00:00\",\"dateModified\":\"2026-03-16T15:40:38+00:00\",\"description\":\"Verblijf in een Natura-houten tent met uitzicht op het Ch\u00e2teau des Milandes. Bijzondere accommodatie in de P\u00e9rigord Noir, midden in de natuur vlakbij de vallei van de Dordogne.\",\"breadcrumb\":{\"@id\":\"https:\\\/\\\/www.lespastourels.com\\\/nl\\\/verhuur-op-domaine-les-pastourels\\\/natura-houten-tent-chateau-des-milandes\\\/#breadcrumb\"},\"inLanguage\":\"nl-NL\",\"potentialAction\":[{\"@type\":\"ReadAction\",\"target\":[\"https:\\\/\\\/www.lespastourels.com\\\/nl\\\/verhuur-op-domaine-les-pastourels\\\/natura-houten-tent-chateau-des-milandes\\\/\"]}]},{\"@type\":\"ImageObject\",\"inLanguage\":\"nl-NL\",\"@id\":\"https:\\\/\\\/www.lespastourels.com\\\/nl\\\/verhuur-op-domaine-les-pastourels\\\/natura-houten-tent-chateau-des-milandes\\\/#primaryimage\",\"url\":\"https:\\\/\\\/www.lespastourels.com\\\/wp-content\\\/uploads\\\/2021\\\/04\\\/natura.jpg\",\"contentUrl\":\"https:\\\/\\\/www.lespastourels.com\\\/wp-content\\\/uploads\\\/2021\\\/04\\\/natura.jpg\",\"width\":1024,\"height\":685},{\"@type\":\"BreadcrumbList\",\"@id\":\"https:\\\/\\\/www.lespastourels.com\\\/nl\\\/verhuur-op-domaine-les-pastourels\\\/natura-houten-tent-chateau-des-milandes\\\/#breadcrumb\",\"itemListElement\":[{\"@type\":\"ListItem\",\"position\":1,\"name\":\"Buitenverhuur, ieder zijn eigen stijl!\",\"item\":\"https:\\\/\\\/www.lespastourels.com\\\/nl\\\/verhuur-op-domaine-les-pastourels\\\/\"},{\"@type\":\"ListItem\",\"position\":2,\"name\":\"Natura-houten tent met uitzicht op het Ch\u00e2teau des Milandes\"}]},{\"@type\":\"WebSite\",\"@id\":\"https:\\\/\\\/www.lespastourels.com\\\/nl\\\/#website\",\"url\":\"https:\\\/\\\/www.lespastourels.com\\\/nl\\\/\",\"name\":\"Domaine Les Pastourels\",\"description\":\"Camping en P\u00e9rigord Noir\",\"publisher\":{\"@id\":\"https:\\\/\\\/www.lespastourels.com\\\/nl\\\/#organization\"},\"potentialAction\":[{\"@type\":\"SearchAction\",\"target\":{\"@type\":\"EntryPoint\",\"urlTemplate\":\"https:\\\/\\\/www.lespastourels.com\\\/nl\\\/?s={search_term_string}\"},\"query-input\":{\"@type\":\"PropertyValueSpecification\",\"valueRequired\":true,\"valueName\":\"search_term_string\"}}],\"inLanguage\":\"nl-NL\"},{\"@type\":\"Organization\",\"@id\":\"https:\\\/\\\/www.lespastourels.com\\\/nl\\\/#organization\",\"name\":\"Les Pastourels\",\"url\":\"https:\\\/\\\/www.lespastourels.com\\\/nl\\\/\",\"logo\":{\"@type\":\"ImageObject\",\"inLanguage\":\"nl-NL\",\"@id\":\"https:\\\/\\\/www.lespastourels.com\\\/nl\\\/#\\\/schema\\\/logo\\\/image\\\/\",\"url\":\"https:\\\/\\\/www.lespastourels.com\\\/wp-content\\\/uploads\\\/2021\\\/05\\\/logo.png\",\"contentUrl\":\"https:\\\/\\\/www.lespastourels.com\\\/wp-content\\\/uploads\\\/2021\\\/05\\\/logo.png\",\"width\":244,\"height\":196,\"caption\":\"Les Pastourels\"},\"image\":{\"@id\":\"https:\\\/\\\/www.lespastourels.com\\\/nl\\\/#\\\/schema\\\/logo\\\/image\\\/\"}}]}<\/script>\n<!-- \/ Yoast SEO plugin. -->","yoast_head_json":{"title":"Natura-houten tent met uitzicht op het Ch\u00e2teau des Milandes - Domaine Les Pastourels","description":"Verblijf in een Natura-houten tent met uitzicht op het Ch\u00e2teau des Milandes. Bijzondere accommodatie in de P\u00e9rigord Noir, midden in de natuur vlakbij de vallei van de Dordogne.","robots":{"index":"index","follow":"follow","max-snippet":"max-snippet:-1","max-image-preview":"max-image-preview:large","max-video-preview":"max-video-preview:-1"},"canonical":"https:\/\/www.lespastourels.com\/nl\/verhuur-op-domaine-les-pastourels\/natura-houten-tent-chateau-des-milandes\/","og_locale":"nl_NL","og_type":"article","og_title":"Natura-houten tent met uitzicht op het Ch\u00e2teau des Milandes - Domaine Les Pastourels","og_description":"Verblijf in een Natura-houten tent met uitzicht op het Ch\u00e2teau des Milandes. Bijzondere accommodatie in de P\u00e9rigord Noir, midden in de natuur vlakbij de vallei van de Dordogne.","og_url":"https:\/\/www.lespastourels.com\/nl\/verhuur-op-domaine-les-pastourels\/natura-houten-tent-chateau-des-milandes\/","og_site_name":"Domaine Les Pastourels","article_modified_time":"2026-03-16T15:40:38+00:00","og_image":[{"width":1024,"height":685,"url":"https:\/\/www.lespastourels.com\/wp-content\/uploads\/2021\/04\/natura.jpg","type":"image\/jpeg"}],"twitter_card":"summary_large_image","schema":{"@context":"https:\/\/schema.org","@graph":[{"@type":"WebPage","@id":"https:\/\/www.lespastourels.com\/nl\/verhuur-op-domaine-les-pastourels\/natura-houten-tent-chateau-des-milandes\/","url":"https:\/\/www.lespastourels.com\/nl\/verhuur-op-domaine-les-pastourels\/natura-houten-tent-chateau-des-milandes\/","name":"Natura-houten tent met uitzicht op het Ch\u00e2teau des Milandes - Domaine Les Pastourels","isPartOf":{"@id":"https:\/\/www.lespastourels.com\/nl\/#website"},"primaryImageOfPage":{"@id":"https:\/\/www.lespastourels.com\/nl\/verhuur-op-domaine-les-pastourels\/natura-houten-tent-chateau-des-milandes\/#primaryimage"},"image":{"@id":"https:\/\/www.lespastourels.com\/nl\/verhuur-op-domaine-les-pastourels\/natura-houten-tent-chateau-des-milandes\/#primaryimage"},"thumbnailUrl":"https:\/\/www.lespastourels.com\/wp-content\/uploads\/2021\/04\/natura.jpg","datePublished":"2026-02-15T12:24:58+00:00","dateModified":"2026-03-16T15:40:38+00:00","description":"Verblijf in een Natura-houten tent met uitzicht op het Ch\u00e2teau des Milandes. Bijzondere accommodatie in de P\u00e9rigord Noir, midden in de natuur vlakbij de vallei van de Dordogne.","breadcrumb":{"@id":"https:\/\/www.lespastourels.com\/nl\/verhuur-op-domaine-les-pastourels\/natura-houten-tent-chateau-des-milandes\/#breadcrumb"},"inLanguage":"nl-NL","potentialAction":[{"@type":"ReadAction","target":["https:\/\/www.lespastourels.com\/nl\/verhuur-op-domaine-les-pastourels\/natura-houten-tent-chateau-des-milandes\/"]}]},{"@type":"ImageObject","inLanguage":"nl-NL","@id":"https:\/\/www.lespastourels.com\/nl\/verhuur-op-domaine-les-pastourels\/natura-houten-tent-chateau-des-milandes\/#primaryimage","url":"https:\/\/www.lespastourels.com\/wp-content\/uploads\/2021\/04\/natura.jpg","contentUrl":"https:\/\/www.lespastourels.com\/wp-content\/uploads\/2021\/04\/natura.jpg","width":1024,"height":685},{"@type":"BreadcrumbList","@id":"https:\/\/www.lespastourels.com\/nl\/verhuur-op-domaine-les-pastourels\/natura-houten-tent-chateau-des-milandes\/#breadcrumb","itemListElement":[{"@type":"ListItem","position":1,"name":"Buitenverhuur, ieder zijn eigen stijl!","item":"https:\/\/www.lespastourels.com\/nl\/verhuur-op-domaine-les-pastourels\/"},{"@type":"ListItem","position":2,"name":"Natura-houten tent met uitzicht op het Ch\u00e2teau des Milandes"}]},{"@type":"WebSite","@id":"https:\/\/www.lespastourels.com\/nl\/#website","url":"https:\/\/www.lespastourels.com\/nl\/","name":"Domaine Les Pastourels","description":"Camping en P\u00e9rigord Noir","publisher":{"@id":"https:\/\/www.lespastourels.com\/nl\/#organization"},"potentialAction":[{"@type":"SearchAction","target":{"@type":"EntryPoint","urlTemplate":"https:\/\/www.lespastourels.com\/nl\/?s={search_term_string}"},"query-input":{"@type":"PropertyValueSpecification","valueRequired":true,"valueName":"search_term_string"}}],"inLanguage":"nl-NL"},{"@type":"Organization","@id":"https:\/\/www.lespastourels.com\/nl\/#organization","name":"Les Pastourels","url":"https:\/\/www.lespastourels.com\/nl\/","logo":{"@type":"ImageObject","inLanguage":"nl-NL","@id":"https:\/\/www.lespastourels.com\/nl\/#\/schema\/logo\/image\/","url":"https:\/\/www.lespastourels.com\/wp-content\/uploads\/2021\/05\/logo.png","contentUrl":"https:\/\/www.lespastourels.com\/wp-content\/uploads\/2021\/05\/logo.png","width":244,"height":196,"caption":"Les Pastourels"},"image":{"@id":"https:\/\/www.lespastourels.com\/nl\/#\/schema\/logo\/image\/"}}]}},"_links":{"self":[{"href":"https:\/\/www.lespastourels.com\/nl\/wp-json\/wp\/v2\/pages\/1599","targetHints":{"allow":["GET"]}}],"collection":[{"href":"https:\/\/www.lespastourels.com\/nl\/wp-json\/wp\/v2\/pages"}],"about":[{"href":"https:\/\/www.lespastourels.com\/nl\/wp-json\/wp\/v2\/types\/page"}],"author":[{"embeddable":true,"href":"https:\/\/www.lespastourels.com\/nl\/wp-json\/wp\/v2\/users\/3"}],"replies":[{"embeddable":true,"href":"https:\/\/www.lespastourels.com\/nl\/wp-json\/wp\/v2\/comments?post=1599"}],"version-history":[{"count":2,"href":"https:\/\/www.lespastourels.com\/nl\/wp-json\/wp\/v2\/pages\/1599\/revisions"}],"predecessor-version":[{"id":3146,"href":"https:\/\/www.lespastourels.com\/nl\/wp-json\/wp\/v2\/pages\/1599\/revisions\/3146"}],"up":[{"embeddable":true,"href":"https:\/\/www.lespastourels.com\/nl\/wp-json\/wp\/v2\/pages\/1653"}],"wp:featuredmedia":[{"embeddable":true,"href":"https:\/\/www.lespastourels.com\/nl\/wp-json\/wp\/v2\/media\/657"}],"wp:attachment":[{"href":"https:\/\/www.lespastourels.com\/nl\/wp-json\/wp\/v2\/media?parent=1599"}],"curies":[{"name":"wp","href":"https:\/\/api.w.org\/{rel}","templated":true}]}}